{"id":2281,"date":"2024-08-11T08:01:06","date_gmt":"2024-08-11T08:01:06","guid":{"rendered":"https:\/\/demo.casethemes.net\/solarva\/?page_id=2281"},"modified":"2025-12-19T06:51:06","modified_gmt":"2025-12-19T06:51:06","slug":"servicios","status":"publish","type":"page","link":"https:\/\/energiadc.com\/es_es\/servicios\/","title":{"rendered":"Servicios"},"content":{"rendered":"\t\t<div data-elementor-type=\"wp-page\" data-elementor-id=\"2281\" class=\"elementor elementor-2281\">\n\t\t\t\t        <section class=\"elementor-section elementor-top-section elementor-element elementor-element-74b93f2 elementor-section-stretched elementor-section-boxed elementor-section-height-default elementor-section-height-default pxl-row-scroll-none pxl-zoom-point-false pxl-section-overflow-visible pxl-section-fix-none\" data-id=\"74b93f2\" data-element_type=\"section\" data-settings=\"{&quot;stretch_section&quot;:&quot;section-stretched&quot;}\">\n\n                \n                <div class=\"elementor-container elementor-column-gap-extended \">\n                <div class=\"elementor-column elementor-col-100 elementor-top-column elementor-element elementor-element-9df4d90 pxl-column-none pxl-column-overflow-hidden-no\" data-id=\"9df4d90\" data-element_type=\"column\">\r\n        <div class=\"elementor-widget-wrap elementor-element-populated\">\r\n                     \r\n        \t\t<div class=\"elementor-element elementor-element-5a8928a elementor-widget elementor-widget-pxl_heading\" data-id=\"5a8928a\" data-element_type=\"widget\" data-widget_type=\"pxl_heading.default\">\n\t\t\t\t<div class=\"elementor-widget-container\">\n\t\t\t\t\t<div id=\"pxl-pxl_heading-5a8928a-5302\" class=\"pxl-heading\">\n\t<div class=\"pxl-item--container\">\n\t\t<div class=\"pxl-item--inner\">\n\t\t\t\t\t\t\t<div class=\"pxl-item--subtitle pxl-subtitle-default  \" data-wow-delay=\"ms\">\n\t\t\t\t\t\t\t\t\t\t\t<svg width=\"52\" height=\"20\" viewBox=\"0 0 52 20\" fill=\"none\" xmlns=\"http:\/\/www.w3.org\/2000\/svg\">\n\t\t\t\t\t\t\t<rect y=\"11\" width=\"50\" height=\"1\" fill=\"#86BB46\"\/>\n\t\t\t\t\t\t\t<rect class=\"pxl-move-rect slide\" x=\"44.7782\" y=\"4\" width=\"10\" height=\"10\" transform=\"rotate(45 44.7782 4)\" fill=\"#86BB46\"\/>\n\t\t\t\t\t\t<\/svg>\n\t\t\t\t\t\t\t\t\t\t<span class=\"pxl-item--subtext\">\n\t\t\t\t\t\tNUESTROS SERVICIOS\t\t\t\t\t<\/span>\n\t\t\t\t<\/div>\n\t\t\t\t\t\t\t\t\t\t<div class=\"pxl-item--title h9 div wow fadeInUp\" \n\t\t\t\tdata-wow-delay=\"ms\">\n\t\t\t\t\t\t\t\t\t\t\tSoluciones en energ\u00eda y automatizaci\u00f3n sostenibles\t\t\t\t\t\t\t\t\t<\/div>\n\t\t\t\t\t<\/div>\n\t<\/div>\n<\/div>\t\t\t\t<\/div>\n\t\t\t\t<\/div>\n\t\t\t\t<div class=\"elementor-element elementor-element-bcad26b pxl-post-layout-service-1 elementor-widget elementor-widget-pxl_post_grid\" data-id=\"bcad26b\" data-element_type=\"widget\" data-widget_type=\"pxl_post_grid.default\">\n\t\t\t\t<div class=\"elementor-widget-container\">\n\t\t\t\t\t\r\n<div id=\"pxl_post_grid-bcad26b-9934\" class=\"pxl-grid pxl-post-grid pxl-service-grid pxl-service-grid1\" data-start-page=\"1\" data-max-pages=\"2\" data-total=\"10\" data-perpage=\"6\" data-next-link=\"https:\/\/energiadc.com\/es_es\/wp-json\/wp\/v2\/pages\/2281\/page\/2\/\" data-loadmore=\"{&quot;tax&quot;:[&quot;service-category&quot;],&quot;post_type&quot;:&quot;service&quot;,&quot;layout&quot;:&quot;service-1&quot;,&quot;startPage&quot;:1,&quot;maxPages&quot;:2,&quot;total&quot;:10,&quot;filter&quot;:&quot;false&quot;,&quot;filter_type&quot;:&quot;normal&quot;,&quot;perpage&quot;:6,&quot;nextLink&quot;:&quot;https:\\\/\\\/energiadc.com\\\/es_es\\\/wp-json\\\/wp\\\/v2\\\/pages\\\/2281\\\/page\\\/2\\\/&quot;,&quot;source&quot;:[],&quot;orderby&quot;:&quot;date&quot;,&quot;order&quot;:&quot;asc&quot;,&quot;limit&quot;:6,&quot;post_ids&quot;:[&quot;2341&quot;,&quot;11575&quot;,&quot;11576&quot;,&quot;11577&quot;,&quot;12296&quot;,&quot;12312&quot;,&quot;12315&quot;,&quot;12321&quot;,&quot;12323&quot;,&quot;12325&quot;],&quot;col_xl&quot;:4,&quot;col_lg&quot;:6,&quot;col_md&quot;:6,&quot;col_sm&quot;:12,&quot;col_xs&quot;:12,&quot;pagination_type&quot;:&quot;pagination&quot;,&quot;show_icon&quot;:true,&quot;img_size&quot;:&quot;767x511&quot;,&quot;show_button&quot;:true,&quot;show_excerpt&quot;:true,&quot;button_text&quot;:&quot;Learn More&quot;,&quot;num_words&quot;:10,&quot;animate&quot;:&quot;&quot;,&quot;animate_delay&quot;:0,&quot;title_hover_style&quot;:&quot;&quot;}\">\r\n    \r\n    <div class=\"pxl-grid-inner pxl-grid-masonry row\" data-gutter=\"15\">\r\n                                <!-- HTML -->\n            <div class=\"pxl-grid-item col-xl-4 col-lg-6 col-md-6 col-sm-12 col-12 \">\n                <div class=\"pxl-post--container \" data-wow-delay=\"0ms\">\n                    <div class=\"pxl-post--inner\">\n                                                    <div class=\"pxl-post--featured pxl-hover-zoom-in\">\n                                <a href=\"https:\/\/energiadc.com\/es_es\/service\/tramitologia\/\">\n                                    <img fetchpriority=\"high\" decoding=\"async\" class=\"layzyload \" src=\"https:\/\/energiadc.com\/wp-content\/uploads\/2024\/08\/Tramitologia-767x511.jpg\" width=\"767\" height=\"511\" alt=\"Tramitolog\u00eda\" title=\"Tramitolog\u00eda\" \/>                                <\/a>\n                            <\/div>\n                                                <div class=\"pxl-post--content\" >\n                                                            <div class=\"pxl-post--icon pxl-drawing-effect\">\n                                    <img decoding=\"async\" width=\"283\" height=\"262\" src=\"https:\/\/energiadc.com\/wp-content\/uploads\/2025\/11\/Icono-12.png\" class=\"attachment-full\" alt=\"\" \/>                                <\/div>\n                                                        <div class=\"pxl-post--title \">\n                                <a class=\"pxl-title--link\" href=\"https:\/\/energiadc.com\/es_es\/service\/tramitologia\/\">\n                                    Tramitolog\u00eda                                <\/a>\n                            <\/div>\n                                                            <div class=\"pxl-post--excerpt\">\n                                    Gesti\u00f3n y asesor\u00eda en tr\u00e1mites relacionados con energ\u00eda el\u00e9ctrica ante&hellip;                                <\/div>\n                                                    <\/div>\n                                                    <div class=\"pxl-btn--wrap\">\n                                <a class=\"btn pxl-post--btn\" href=\"https:\/\/energiadc.com\/es_es\/service\/tramitologia\/\">\n                                    <span class=\"pxl-btn--text\">\n                                        Learn More                                    <\/span>\n                                    <svg xmlns=\"http:\/\/www.w3.org\/2000\/svg\" width=\"15\" height=\"13\" viewBox=\"0 0 15 13\" fill=\"none\">\n                                        <path d=\"M0.518926 7.57879H11.0748L6.97493 11.6787L8.26321 12.967L14.5625 6.6677L8.26321 0.368408L6.97493 1.65669L11.0748 5.75661H0.518926V7.57879Z\" fill=\"#002244\"\/>\n                                    <\/svg>\n                                <\/a>\n                            <\/div>\n                                            <\/div>\n                <\/div>\n            <\/div>\n            <!-- HTML -->\n                                <!-- HTML -->\n            <div class=\"pxl-grid-item col-xl-4 col-lg-6 col-md-6 col-sm-12 col-12 \">\n                <div class=\"pxl-post--container \" data-wow-delay=\"0ms\">\n                    <div class=\"pxl-post--inner\">\n                                                    <div class=\"pxl-post--featured pxl-hover-zoom-in\">\n                                <a href=\"https:\/\/energiadc.com\/es_es\/service\/consultoriasyestudiostecnicos\/\">\n                                    <img decoding=\"async\" class=\"layzyload \" src=\"https:\/\/energiadc.com\/wp-content\/uploads\/2024\/10\/consultoria-y-estudios-tecnicos-767x511.jpg\" width=\"767\" height=\"511\" alt=\"consultoria-y-estudios-tecnicos\" title=\"consultoria-y-estudios-tecnicos\" \/>                                <\/a>\n                            <\/div>\n                                                <div class=\"pxl-post--content\" >\n                                                            <div class=\"pxl-post--icon pxl-drawing-effect\">\n                                    <img loading=\"lazy\" decoding=\"async\" width=\"283\" height=\"262\" src=\"https:\/\/energiadc.com\/wp-content\/uploads\/2025\/11\/Icono-5.png\" class=\"attachment-full\" alt=\"\" \/>                                <\/div>\n                                                        <div class=\"pxl-post--title \">\n                                <a class=\"pxl-title--link\" href=\"https:\/\/energiadc.com\/es_es\/service\/consultoriasyestudiostecnicos\/\">\n                                    Consultor\u00edas y estudios t\u00e9cnicos                                <\/a>\n                            <\/div>\n                                                            <div class=\"pxl-post--excerpt\">\n                                    Elaboraci\u00f3n de t\u00e9rminos de referencia (TDR) y soluciones a medida&hellip;                                <\/div>\n                                                    <\/div>\n                                                    <div class=\"pxl-btn--wrap\">\n                                <a class=\"btn pxl-post--btn\" href=\"https:\/\/energiadc.com\/es_es\/service\/consultoriasyestudiostecnicos\/\">\n                                    <span class=\"pxl-btn--text\">\n                                        Learn More                                    <\/span>\n                                    <svg xmlns=\"http:\/\/www.w3.org\/2000\/svg\" width=\"15\" height=\"13\" viewBox=\"0 0 15 13\" fill=\"none\">\n                                        <path d=\"M0.518926 7.57879H11.0748L6.97493 11.6787L8.26321 12.967L14.5625 6.6677L8.26321 0.368408L6.97493 1.65669L11.0748 5.75661H0.518926V7.57879Z\" fill=\"#002244\"\/>\n                                    <\/svg>\n                                <\/a>\n                            <\/div>\n                                            <\/div>\n                <\/div>\n            <\/div>\n            <!-- HTML -->\n                                <!-- HTML -->\n            <div class=\"pxl-grid-item col-xl-4 col-lg-6 col-md-6 col-sm-12 col-12 \">\n                <div class=\"pxl-post--container \" data-wow-delay=\"0ms\">\n                    <div class=\"pxl-post--inner\">\n                                                    <div class=\"pxl-post--featured pxl-hover-zoom-in\">\n                                <a href=\"https:\/\/energiadc.com\/es_es\/service\/sistemassolaresfotovoltaicos\/\">\n                                    <img loading=\"lazy\" decoding=\"async\" class=\"layzyload \" src=\"https:\/\/energiadc.com\/wp-content\/uploads\/2025\/11\/Slider-2-767x511.jpg\" width=\"767\" height=\"511\" alt=\"Slider-2\" title=\"Slider-2\" \/>                                <\/a>\n                            <\/div>\n                                                <div class=\"pxl-post--content\" >\n                                                            <div class=\"pxl-post--icon pxl-drawing-effect\">\n                                    <img loading=\"lazy\" decoding=\"async\" width=\"283\" height=\"262\" src=\"https:\/\/energiadc.com\/wp-content\/uploads\/2025\/11\/Icono-7.png\" class=\"attachment-full\" alt=\"\" \/>                                <\/div>\n                                                        <div class=\"pxl-post--title \">\n                                <a class=\"pxl-title--link\" href=\"https:\/\/energiadc.com\/es_es\/service\/sistemassolaresfotovoltaicos\/\">\n                                    Sistemas solares fotovoltaicos                                <\/a>\n                            <\/div>\n                                                            <div class=\"pxl-post--excerpt\">\n                                    Dise\u00f1o, instalaci\u00f3n y mantenimiento de sistemas solares para generaci\u00f3n de&hellip;                                <\/div>\n                                                    <\/div>\n                                                    <div class=\"pxl-btn--wrap\">\n                                <a class=\"btn pxl-post--btn\" href=\"https:\/\/energiadc.com\/es_es\/service\/sistemassolaresfotovoltaicos\/\">\n                                    <span class=\"pxl-btn--text\">\n                                        Learn More                                    <\/span>\n                                    <svg xmlns=\"http:\/\/www.w3.org\/2000\/svg\" width=\"15\" height=\"13\" viewBox=\"0 0 15 13\" fill=\"none\">\n                                        <path d=\"M0.518926 7.57879H11.0748L6.97493 11.6787L8.26321 12.967L14.5625 6.6677L8.26321 0.368408L6.97493 1.65669L11.0748 5.75661H0.518926V7.57879Z\" fill=\"#002244\"\/>\n                                    <\/svg>\n                                <\/a>\n                            <\/div>\n                                            <\/div>\n                <\/div>\n            <\/div>\n            <!-- HTML -->\n                                <!-- HTML -->\n            <div class=\"pxl-grid-item col-xl-4 col-lg-6 col-md-6 col-sm-12 col-12 \">\n                <div class=\"pxl-post--container \" data-wow-delay=\"0ms\">\n                    <div class=\"pxl-post--inner\">\n                                                    <div class=\"pxl-post--featured pxl-hover-zoom-in\">\n                                <a href=\"https:\/\/energiadc.com\/es_es\/service\/automatizacion\/\">\n                                    <img loading=\"lazy\" decoding=\"async\" class=\"layzyload \" src=\"https:\/\/energiadc.com\/wp-content\/uploads\/2024\/10\/Automatizacion-767x511.jpg\" width=\"767\" height=\"511\" alt=\"Automatizaci\u00f3n\" title=\"Automatizaci\u00f3n\" \/>                                <\/a>\n                            <\/div>\n                                                <div class=\"pxl-post--content\" >\n                                                            <div class=\"pxl-post--icon pxl-drawing-effect\">\n                                    <img loading=\"lazy\" decoding=\"async\" width=\"283\" height=\"262\" src=\"https:\/\/energiadc.com\/wp-content\/uploads\/2025\/11\/Icono-6.png\" class=\"attachment-full\" alt=\"\" \/>                                <\/div>\n                                                        <div class=\"pxl-post--title \">\n                                <a class=\"pxl-title--link\" href=\"https:\/\/energiadc.com\/es_es\/service\/automatizacion\/\">\n                                    Automatizaci\u00f3n                                <\/a>\n                            <\/div>\n                                                            <div class=\"pxl-post--excerpt\">\n                                    SCADA Programaci\u00f3n de PLC Sensores Flujo, Presi\u00f3n, Nivel, Temperatura                                <\/div>\n                                                    <\/div>\n                                                    <div class=\"pxl-btn--wrap\">\n                                <a class=\"btn pxl-post--btn\" href=\"https:\/\/energiadc.com\/es_es\/service\/automatizacion\/\">\n                                    <span class=\"pxl-btn--text\">\n                                        Learn More                                    <\/span>\n                                    <svg xmlns=\"http:\/\/www.w3.org\/2000\/svg\" width=\"15\" height=\"13\" viewBox=\"0 0 15 13\" fill=\"none\">\n                                        <path d=\"M0.518926 7.57879H11.0748L6.97493 11.6787L8.26321 12.967L14.5625 6.6677L8.26321 0.368408L6.97493 1.65669L11.0748 5.75661H0.518926V7.57879Z\" fill=\"#002244\"\/>\n                                    <\/svg>\n                                <\/a>\n                            <\/div>\n                                            <\/div>\n                <\/div>\n            <\/div>\n            <!-- HTML -->\n                                <!-- HTML -->\n            <div class=\"pxl-grid-item col-xl-4 col-lg-6 col-md-6 col-sm-12 col-12 \">\n                <div class=\"pxl-post--container \" data-wow-delay=\"0ms\">\n                    <div class=\"pxl-post--inner\">\n                                                    <div class=\"pxl-post--featured pxl-hover-zoom-in\">\n                                <a href=\"https:\/\/energiadc.com\/es_es\/service\/instalaciones-electricas\/\">\n                                    <img loading=\"lazy\" decoding=\"async\" class=\"layzyload \" src=\"https:\/\/energiadc.com\/wp-content\/uploads\/2025\/11\/Instalaciones-Electricas-767x511.jpg\" width=\"767\" height=\"511\" alt=\"Instalaciones-El\u00e9ctricas\" title=\"Instalaciones-El\u00e9ctricas\" \/>                                <\/a>\n                            <\/div>\n                                                <div class=\"pxl-post--content\" >\n                                                            <div class=\"pxl-post--icon pxl-drawing-effect\">\n                                    <img loading=\"lazy\" decoding=\"async\" width=\"283\" height=\"262\" src=\"https:\/\/energiadc.com\/wp-content\/uploads\/2025\/11\/Icono-8.png\" class=\"attachment-full\" alt=\"\" \/>                                <\/div>\n                                                        <div class=\"pxl-post--title \">\n                                <a class=\"pxl-title--link\" href=\"https:\/\/energiadc.com\/es_es\/service\/instalaciones-electricas\/\">\n                                    Instalaciones el\u00e9ctricas                                <\/a>\n                            <\/div>\n                                                            <div class=\"pxl-post--excerpt\">\n                                    Desarrollo e implementaci\u00f3n de sistemas el\u00e9ctricos para proyectos residenciales, comerciales&hellip;                                <\/div>\n                                                    <\/div>\n                                                    <div class=\"pxl-btn--wrap\">\n                                <a class=\"btn pxl-post--btn\" href=\"https:\/\/energiadc.com\/es_es\/service\/instalaciones-electricas\/\">\n                                    <span class=\"pxl-btn--text\">\n                                        Learn More                                    <\/span>\n                                    <svg xmlns=\"http:\/\/www.w3.org\/2000\/svg\" width=\"15\" height=\"13\" viewBox=\"0 0 15 13\" fill=\"none\">\n                                        <path d=\"M0.518926 7.57879H11.0748L6.97493 11.6787L8.26321 12.967L14.5625 6.6677L8.26321 0.368408L6.97493 1.65669L11.0748 5.75661H0.518926V7.57879Z\" fill=\"#002244\"\/>\n                                    <\/svg>\n                                <\/a>\n                            <\/div>\n                                            <\/div>\n                <\/div>\n            <\/div>\n            <!-- HTML -->\n                                <!-- HTML -->\n            <div class=\"pxl-grid-item col-xl-4 col-lg-6 col-md-6 col-sm-12 col-12 \">\n                <div class=\"pxl-post--container \" data-wow-delay=\"0ms\">\n                    <div class=\"pxl-post--inner\">\n                                                    <div class=\"pxl-post--featured pxl-hover-zoom-in\">\n                                <a href=\"https:\/\/energiadc.com\/es_es\/service\/redes-de-distribucion-y-transmision\/\">\n                                    <img loading=\"lazy\" decoding=\"async\" class=\"layzyload \" src=\"https:\/\/energiadc.com\/wp-content\/uploads\/2025\/11\/Mantenimiento-y-Reparaciones-2-767x511.jpg\" width=\"767\" height=\"511\" alt=\"Mantenimiento-y-Reparaciones-2\" title=\"Mantenimiento-y-Reparaciones-2\" \/>                                <\/a>\n                            <\/div>\n                                                <div class=\"pxl-post--content\" >\n                                                            <div class=\"pxl-post--icon pxl-drawing-effect\">\n                                    <img loading=\"lazy\" decoding=\"async\" width=\"283\" height=\"262\" src=\"https:\/\/energiadc.com\/wp-content\/uploads\/2025\/11\/Icono-1.png\" class=\"attachment-full\" alt=\"\" \/>                                <\/div>\n                                                        <div class=\"pxl-post--title \">\n                                <a class=\"pxl-title--link\" href=\"https:\/\/energiadc.com\/es_es\/service\/redes-de-distribucion-y-transmision\/\">\n                                    Redes de distribuci\u00f3n y transmisi\u00f3n                                <\/a>\n                            <\/div>\n                                                            <div class=\"pxl-post--excerpt\">\n                                    Mantenimiento y optimizaci\u00f3n de redes el\u00e9ctricas, garantizando confiabilidad y eficiencia.                                <\/div>\n                                                    <\/div>\n                                                    <div class=\"pxl-btn--wrap\">\n                                <a class=\"btn pxl-post--btn\" href=\"https:\/\/energiadc.com\/es_es\/service\/redes-de-distribucion-y-transmision\/\">\n                                    <span class=\"pxl-btn--text\">\n                                        Learn More                                    <\/span>\n                                    <svg xmlns=\"http:\/\/www.w3.org\/2000\/svg\" width=\"15\" height=\"13\" viewBox=\"0 0 15 13\" fill=\"none\">\n                                        <path d=\"M0.518926 7.57879H11.0748L6.97493 11.6787L8.26321 12.967L14.5625 6.6677L8.26321 0.368408L6.97493 1.65669L11.0748 5.75661H0.518926V7.57879Z\" fill=\"#002244\"\/>\n                                    <\/svg>\n                                <\/a>\n                            <\/div>\n                                            <\/div>\n                <\/div>\n            <\/div>\n            <!-- HTML -->\n                <div class=\"grid-sizer col-xl-4 col-lg-6 col-md-6 col-sm-12 col-12\"><\/div>\r\n    <\/div>\r\n            <div class=\"pxl-grid-pagination\">\r\n                            <nav class=\"pxl-pagination ajax\">\n                    <div class=\"pxl-pagination-links\">\n                        <span aria-label=\"P\u00e1gina 1\" aria-current=\"page\" class=\"page-numbers current\"><span>01<\/span><\/span>\n<a aria-label=\"P\u00e1gina 2\" class=\"page-numbers\" href=\"#2\"><span>02<\/span><\/a>\n<a class=\"next page-numbers\" href=\"#2\"><svg xmlns=\"http:\/\/www.w3.org\/2000\/svg\" width=\"19\" height=\"19\" viewBox=\"0 0 19 19\" fill=\"none\">\n                                    <path d=\"M3.50586 9.80566H15.4941C15.7051 9.79395 15.8838 9.71777 16.0303 9.57715C16.1768 9.43652 16.25 9.26074 16.25 9.0498C16.25 8.83887 16.1768 8.66309 16.0303 8.52246C15.8838 8.38184 15.7051 8.30566 15.4941 8.29395H3.50586C3.29492 8.30566 3.11621 8.38184 2.96973 8.52246C2.82324 8.66309 2.75 8.83887 2.75 9.0498C2.75 9.26074 2.82324 9.43652 2.96973 9.57715C3.11621 9.71777 3.29492 9.79395 3.50586 9.80566ZM10.4668 13.0225C10.3262 13.1748 10.2559 13.3506 10.2559 13.5498C10.2559 13.749 10.332 13.9219 10.4844 14.0684C10.6367 14.2148 10.8096 14.2881 11.0029 14.2881C11.1963 14.2881 11.3691 14.2178 11.5215 14.0771L16.0215 9.57715C16.1738 9.4248 16.25 9.24902 16.25 9.0498C16.25 8.85059 16.1738 8.6748 16.0215 8.52246L11.5215 4.02246C11.3691 3.88184 11.1963 3.81152 11.0029 3.81152C10.8096 3.81152 10.6367 3.88477 10.4844 4.03125C10.332 4.17773 10.2559 4.35059 10.2559 4.5498C10.2559 4.74902 10.3262 4.9248 10.4668 5.07715L14.4395 9.0498L10.4668 13.0225Z\" fill=\"#5C6972\"\/>\n                                <\/svg><\/a>                    <\/div>\n                <\/nav>\n                    <\/div>\r\n        <\/div>\r\n\t\t\t\t<\/div>\n\t\t\t\t<\/div>\n\t\t            <\/div>\r\n        <\/div>\r\n        \t\t\t<\/div>\n\t\t<\/section>\n\t\t\t\t<\/div>\n\t\t","protected":false},"excerpt":{"rendered":"<p>NUESTROS SERVICIOS Soluciones en energ\u00eda y automatizaci\u00f3n sostenibles Tramitolog\u00eda Gesti\u00f3n y asesor\u00eda en tr\u00e1mites relacionados con energ\u00eda el\u00e9ctrica ante&hellip; Learn More Consultor\u00edas y estudios t\u00e9cnicos Elaboraci\u00f3n de t\u00e9rminos de referencia (TDR) y soluciones a medida&hellip; Learn More Sistemas solares fotovoltaicos Dise\u00f1o, instalaci\u00f3n y mantenimiento de sistemas solares para generaci\u00f3n de&hellip; Learn More Automatizaci\u00f3n SCADA Programaci\u00f3n [&hellip;]<\/p>\n","protected":false},"author":1,"featured_media":0,"parent":0,"menu_order":0,"comment_status":"closed","ping_status":"closed","template":"","meta":{"footnotes":""},"class_list":["post-2281","page","type-page","status-publish","hentry"],"_links":{"self":[{"href":"https:\/\/energiadc.com\/es_es\/wp-json\/wp\/v2\/pages\/2281","targetHints":{"allow":["GET"]}}],"collection":[{"href":"https:\/\/energiadc.com\/es_es\/wp-json\/wp\/v2\/pages"}],"about":[{"href":"https:\/\/energiadc.com\/es_es\/wp-json\/wp\/v2\/types\/page"}],"author":[{"embeddable":true,"href":"https:\/\/energiadc.com\/es_es\/wp-json\/wp\/v2\/users\/1"}],"replies":[{"embeddable":true,"href":"https:\/\/energiadc.com\/es_es\/wp-json\/wp\/v2\/comments?post=2281"}],"version-history":[{"count":17,"href":"https:\/\/energiadc.com\/es_es\/wp-json\/wp\/v2\/pages\/2281\/revisions"}],"predecessor-version":[{"id":13109,"href":"https:\/\/energiadc.com\/es_es\/wp-json\/wp\/v2\/pages\/2281\/revisions\/13109"}],"wp:attachment":[{"href":"https:\/\/energiadc.com\/es_es\/wp-json\/wp\/v2\/media?parent=2281"}],"curies":[{"name":"wp","href":"https:\/\/api.w.org\/{rel}","templated":true}]}}